{"id":128,"date":"2022-03-18T23:20:51","date_gmt":"2022-03-18T23:20:51","guid":{"rendered":"https:\/\/www.invermatic.com.mx\/?post_type=product&#038;p=128"},"modified":"2026-02-15T20:48:55","modified_gmt":"2026-02-15T20:48:55","slug":"contactor-abb-af12-30-10-13-bobina-110-220v","status":"publish","type":"product","link":"https:\/\/www.invermatic.com.mx\/?product=contactor-abb-af12-30-10-13-bobina-110-220v","title":{"rendered":"Contactor Abb Af12 30 10 13 Bobina 110\/220v"},"content":{"rendered":"","protected":false},"excerpt":{"rendered":"<h1 class=\"ui-pdp-title\">Contactor Abb Af12 30 10 13 Bobina 110\/220v<\/h1>\n<p>Contactor magn\u00e9tico AF12-30-10-13<br \/>\nde la marca ABB<br \/>\ncapacidad m\u00e1xima 3hp trif\u00e1sico en 240v y hasta 7.5hp en 480V<br \/>\n12 Amperes m\u00e1ximos continuos uso en motores AC3, 30 Amperes m\u00e1ximos continuos uso en resistencias (resistivo) AC1<br \/>\nBOBINA de control de 100V \/ 250V (Usted puede alimentar desde 100V hasta m\u00e1ximo 250V y la bobina funcionara) voltaje A.C y D.C<br \/>\nENV\u00cdO INCLUIDO POR MERCADO ENV\u00cdOS<br \/>\nentrega inmediata.<br \/>\nEn poliequipos.com ofrecemos atenci\u00f3n, productos de excelente calidad y nuestra reputaci\u00f3n es nuestra constancia.<\/p>\n","protected":false},"featured_media":129,"comment_status":"open","ping_status":"closed","template":"","meta":{"_mi_skip_tracking":false,"spay_email":""},"product_brand":[],"product_cat":[28],"product_tag":[32,36,35,34],"class_list":{"0":"post-128","1":"product","2":"type-product","3":"status-publish","4":"has-post-thumbnail","6":"product_cat-equipo-electrico-de-control","7":"product_tag-automatizacion","8":"product_tag-electrica","9":"product_tag-motores","10":"product_tag-motores-electricos","12":"first","13":"instock","14":"shipping-taxable","15":"purchasable","16":"product-type-simple"},"jetpack-related-posts":[{"id":159,"url":"https:\/\/www.invermatic.com.mx\/?product=relevador-abb","url_meta":{"origin":128,"position":0},"title":"Relevador Abb","date":"marzo 31, 2022","format":false,"excerpt":"El rel\u00e9 de interfaz conectable CR-U024DC2 es del rango del rel\u00e9 CR-U (universal). Este rel\u00e9 opera con una tensi\u00f3n de suministro de control nominal de 24 V CC y tiene 2 contactos de salida c \/ o (SPDT) con capacidad de 250 V \/ 10 A. El rel\u00e9 tiene un\u2026","rel":"","context":"Entrada similar","img":{"alt_text":"Relevador","src":"https:\/\/i0.wp.com\/www.invermatic.com.mx\/wp-content\/uploads\/2022\/03\/rele1.png?fit=498%2C454&ssl=1&resize=350%2C200","width":350,"height":200},"classes":[]}],"_links":{"self":[{"href":"https:\/\/www.invermatic.com.mx\/index.php?rest_route=\/wp\/v2\/product\/128","targetHints":{"allow":["GET"]}}],"collection":[{"href":"https:\/\/www.invermatic.com.mx\/index.php?rest_route=\/wp\/v2\/product"}],"about":[{"href":"https:\/\/www.invermatic.com.mx\/index.php?rest_route=\/wp\/v2\/types\/product"}],"replies":[{"embeddable":true,"href":"https:\/\/www.invermatic.com.mx\/index.php?rest_route=%2Fwp%2Fv2%2Fcomments&post=128"}],"wp:featuredmedia":[{"embeddable":true,"href":"https:\/\/www.invermatic.com.mx\/index.php?rest_route=\/wp\/v2\/media\/129"}],"wp:attachment":[{"href":"https:\/\/www.invermatic.com.mx\/index.php?rest_route=%2Fwp%2Fv2%2Fmedia&parent=128"}],"wp:term":[{"taxonomy":"product_brand","embeddable":true,"href":"https:\/\/www.invermatic.com.mx\/index.php?rest_route=%2Fwp%2Fv2%2Fproduct_brand&post=128"},{"taxonomy":"product_cat","embeddable":true,"href":"https:\/\/www.invermatic.com.mx\/index.php?rest_route=%2Fwp%2Fv2%2Fproduct_cat&post=128"},{"taxonomy":"product_tag","embeddable":true,"href":"https:\/\/www.invermatic.com.mx\/index.php?rest_route=%2Fwp%2Fv2%2Fproduct_tag&post=128"}],"curies":[{"name":"wp","href":"https:\/\/api.w.org\/{rel}","templated":true}]}}